{"id":401,"date":"2014-04-22T19:11:53","date_gmt":"2014-04-22T19:11:53","guid":{"rendered":"http:\/\/www.irmaoszimmer.com.br\/?page_id=401"},"modified":"2023-06-26T17:48:03","modified_gmt":"2023-06-26T17:48:03","slug":"inicial","status":"publish","type":"page","link":"https:\/\/www.irmaoszimmer.com.br\/","title":{"rendered":"Inicial"},"content":{"rendered":"<p>A Empresa Irm\u00e3os Zimmer LTDA, foi fundada em 1988, pelos irm\u00e3os: Marcelino, Paulo e Marino Zimmer, em Santa Maria do Herval, Rua Beno Closs, 2065, Bairro Amizade, com uma \u00e1rea constru\u00edda de 120m2.\u00a0Em 1990 foi implantado o setor de autope\u00e7as junto a oficina; em 1992 juntou-se o 4\u00b0 s\u00f3cio, o irm\u00e3o Anivo Zimmer.<\/p>\n<p><a href=\"https:\/\/www.irmaoszimmer.com.br\/?page_id=6\">Saiba mais&#8230;<\/a><\/p>\n","protected":false},"excerpt":{"rendered":"<p>A Empresa Irm\u00e3os Zimmer LTDA, foi fundada [&hellip;]<\/p>\n","protected":false},"author":1,"featured_media":0,"parent":0,"menu_order":0,"comment_status":"closed","ping_status":"closed","template":"","meta":{"footnotes":""},"class_list":["post-401","page","type-page","status-publish","hentry"],"aioseo_notices":[],"_links":{"self":[{"href":"https:\/\/www.irmaoszimmer.com.br\/index.php?rest_route=\/wp\/v2\/pages\/401","targetHints":{"allow":["GET"]}}],"collection":[{"href":"https:\/\/www.irmaoszimmer.com.br\/index.php?rest_route=\/wp\/v2\/pages"}],"about":[{"href":"https:\/\/www.irmaoszimmer.com.br\/index.php?rest_route=\/wp\/v2\/types\/page"}],"author":[{"embeddable":true,"href":"https:\/\/www.irmaoszimmer.com.br\/index.php?rest_route=\/wp\/v2\/users\/1"}],"replies":[{"embeddable":true,"href":"https:\/\/www.irmaoszimmer.com.br\/index.php?rest_route=%2Fwp%2Fv2%2Fcomments&post=401"}],"version-history":[{"count":3,"href":"https:\/\/www.irmaoszimmer.com.br\/index.php?rest_route=\/wp\/v2\/pages\/401\/revisions"}],"predecessor-version":[{"id":617,"href":"https:\/\/www.irmaoszimmer.com.br\/index.php?rest_route=\/wp\/v2\/pages\/401\/revisions\/617"}],"wp:attachment":[{"href":"https:\/\/www.irmaoszimmer.com.br\/index.php?rest_route=%2Fwp%2Fv2%2Fmedia&parent=401"}],"curies":[{"name":"wp","href":"https:\/\/api.w.org\/{rel}","templated":true}]}}