{"id":6,"date":"2014-02-11T14:11:49","date_gmt":"2014-02-11T14:11:49","guid":{"rendered":"http:\/\/localhost\/iz\/?page_id=5"},"modified":"2014-04-26T19:05:32","modified_gmt":"2014-04-26T19:05:32","slug":"institucional","status":"publish","type":"page","link":"https:\/\/www.irmaoszimmer.com.br\/?page_id=6","title":{"rendered":"Institucional"},"content":{"rendered":"<p style=\"text-align: justify;\"><img loading=\"lazy\" decoding=\"async\" class=\"alignleft wp-image-454\" src=\"http:\/\/www.irmaoszimmer.com.br\/wp-content\/uploads\/2014\/02\/imginstitucional.jpg\" alt=\"imginstitucional\" width=\"116\" height=\"520\" \/>A Empresa Irm\u00e3os Zimmer LTDA, foi fundada em 1988, pelos irm\u00e3os: Marcelino, Paulo e Marino Zimmer, em Santa Maria do Herval, Rua Beno Closs, 2065, Bairro Amizade, com uma \u00e1rea constru\u00edda de 120m2.\u00a0Em 1990 foi implantado o setor de autope\u00e7as junto a oficina; em 1992 juntou-se o 4\u00b0 s\u00f3cio, o irm\u00e3o Anivo Zimmer.<\/p>\n<p style=\"text-align: justify;\">No ano 2007, pensando em oferecer o melhor para os nossos clientes, a Oficina Irm\u00e3os Zimmer passou a ser um Centro Automotivo autorizado Bosch Car Service.\u00a0Desde ent\u00e3o, estamos sempre investindo em equipamentos de ponta, cursos de especializa\u00e7\u00e3o profissional para qualificar o servi\u00e7o prestado e automa\u00e7\u00e3o comercial para setor de autope\u00e7as.<\/p>\n<p style=\"text-align: justify;\">Nos dias atuais, por acreditar que da uni\u00e3o nasce a for\u00e7a e credibilidade em um mercado altamente competitivo e entendendo o papel fundamental do prestador de servi\u00e7os, hoje somos referenciados a HDI Seguros e prestamos servi\u00e7os a v\u00e1rias companhias de seguros.<\/p>\n<p style=\"text-align: justify;\">Nos dias atuais tem uma equipe formada de quatro s\u00f3cios e quatro funcion\u00e1rios e uma \u00e1rea constru\u00edda de 1.120m\u00b2, sempre buscando e inovando para manter \u00a0o bem estar do cliente.<\/p>\n<h2 style=\"text-align: justify;\">Nossa Pol\u00edtica de Qualidade<\/h2>\n<p style=\"text-align: justify;\">Oferecer servi\u00e7os com qualidade superior, que influam de forma positiva na vida das pessoas, atendendo necessidades e expectativas do cliente.<\/p>\n<h2 style=\"text-align: justify;\">Nossa Miss\u00e3o<\/h2>\n<p style=\"text-align: justify;\">A Irm\u00e3os Zimmer Ltda. existe para surpreender nossos clientes atrav\u00e9s da qualidade dos servi\u00e7os prestados. Converter investimentos em resultados para a organiza\u00e7\u00e3o, colaboradores e sociedade.<\/p>\n<h2 style=\"text-align: justify;\">Nossa Vis\u00e3o<\/h2>\n<p style=\"text-align: justify;\">Ser refer\u00eancia no ramo de assist\u00eancia automotiva.<\/p>\n<h2 style=\"text-align: justify;\">Nossos Princ\u00edpios<\/h2>\n<ul>\n<li style=\"text-align: justify;\">Parceria, \u00e9tica e transpar\u00eancia em nossas rela\u00e7\u00f5es comerciais;<\/li>\n<li style=\"text-align: justify;\">Qualidade nos produtos e servi\u00e7os;<\/li>\n<li style=\"text-align: justify;\">Ambiente de trabalho que motiva cada colaborador a desenvolver seu potencial humano e profissional, com remunera\u00e7\u00e3o justa;<\/li>\n<li style=\"text-align: justify;\">Respeito \u00e0s pessoas que comp\u00f5em a empresa em sua capacidade criativa e decis\u00f3ria;<\/li>\n<li style=\"text-align: justify;\">Meio ambiente atrav\u00e9s da preserva\u00e7\u00e3o;<\/li>\n<li style=\"text-align: justify;\">Aprimoramento constante de nossos processos, aliado \u00e0 utiliza\u00e7\u00e3o de ferramentas tecnol\u00f3gicas de ponta como condi\u00e7\u00e3o b\u00e1sica para a constante melhora de nossos servi\u00e7os.<\/li>\n<\/ul>\n","protected":false},"excerpt":{"rendered":"<p>A Empresa Irm\u00e3os Zimmer LTDA, foi fundada [&hellip;]<\/p>\n","protected":false},"author":1,"featured_media":0,"parent":0,"menu_order":0,"comment_status":"closed","ping_status":"closed","template":"","meta":{"footnotes":""},"class_list":["post-6","page","type-page","status-publish","hentry"],"aioseo_notices":[],"_links":{"self":[{"href":"https:\/\/www.irmaoszimmer.com.br\/index.php?rest_route=\/wp\/v2\/pages\/6","targetHints":{"allow":["GET"]}}],"collection":[{"href":"https:\/\/www.irmaoszimmer.com.br\/index.php?rest_route=\/wp\/v2\/pages"}],"about":[{"href":"https:\/\/www.irmaoszimmer.com.br\/index.php?rest_route=\/wp\/v2\/types\/page"}],"author":[{"embeddable":true,"href":"https:\/\/www.irmaoszimmer.com.br\/index.php?rest_route=\/wp\/v2\/users\/1"}],"replies":[{"embeddable":true,"href":"https:\/\/www.irmaoszimmer.com.br\/index.php?rest_route=%2Fwp%2Fv2%2Fcomments&post=6"}],"version-history":[{"count":13,"href":"https:\/\/www.irmaoszimmer.com.br\/index.php?rest_route=\/wp\/v2\/pages\/6\/revisions"}],"predecessor-version":[{"id":474,"href":"https:\/\/www.irmaoszimmer.com.br\/index.php?rest_route=\/wp\/v2\/pages\/6\/revisions\/474"}],"wp:attachment":[{"href":"https:\/\/www.irmaoszimmer.com.br\/index.php?rest_route=%2Fwp%2Fv2%2Fmedia&parent=6"}],"curies":[{"name":"wp","href":"https:\/\/api.w.org\/{rel}","templated":true}]}}